{"id":88,"date":"2024-01-30T17:47:07","date_gmt":"2024-01-30T16:47:07","guid":{"rendered":"https:\/\/quimicatecnica.com\/?page_id=88"},"modified":"2024-01-30T19:07:33","modified_gmt":"2024-01-30T18:07:33","slug":"cristaleria","status":"publish","type":"page","link":"https:\/\/quimicatecnica.com\/index.php\/cristaleria\/","title":{"rendered":"CRISTALER\u00cdA"},"content":{"rendered":"\t\t<div data-elementor-type=\"wp-page\" data-elementor-id=\"88\" class=\"elementor elementor-88\">\n\t\t\t\t<div class=\"elementor-element elementor-element-515df18 e-con-full e-flex e-con e-parent\" data-id=\"515df18\" data-element_type=\"container\" data-e-type=\"container\" data-settings=\"{&quot;background_background&quot;:&quot;classic&quot;}\">\n\t\t\t\t<div class=\"elementor-element elementor-element-dac4fea elementor-widget elementor-widget-text-editor\" data-id=\"dac4fea\" data-element_type=\"widget\" data-e-type=\"widget\" data-widget_type=\"text-editor.default\">\n\t\t\t\t<div class=\"elementor-widget-container\">\n\t\t\t\t\t\t\t\t\t<p><img fetchpriority=\"high\" decoding=\"async\" class=\"alignnone wp-image-180 size-full\" src=\"https:\/\/quimicatecnica.com\/wp-content\/uploads\/2024\/01\/cristaleria3.jpg\" alt=\"\" width=\"1600\" height=\"600\" srcset=\"https:\/\/quimicatecnica.com\/wp-content\/uploads\/2024\/01\/cristaleria3.jpg 1600w, https:\/\/quimicatecnica.com\/wp-content\/uploads\/2024\/01\/cristaleria3-300x113.jpg 300w, https:\/\/quimicatecnica.com\/wp-content\/uploads\/2024\/01\/cristaleria3-1024x384.jpg 1024w, https:\/\/quimicatecnica.com\/wp-content\/uploads\/2024\/01\/cristaleria3-768x288.jpg 768w, https:\/\/quimicatecnica.com\/wp-content\/uploads\/2024\/01\/cristaleria3-1536x576.jpg 1536w\" sizes=\"(max-width: 1600px) 100vw, 1600px\" \/><\/p>\t\t\t\t\t\t\t\t<\/div>\n\t\t\t\t<\/div>\n\t\t\t\t<\/div>\n\t\t<div class=\"elementor-element elementor-element-e5156c9 e-flex e-con-boxed e-con e-parent\" data-id=\"e5156c9\" data-element_type=\"container\" data-e-type=\"container\" data-settings=\"{&quot;background_background&quot;:&quot;classic&quot;}\">\n\t\t\t\t\t<div class=\"e-con-inner\">\n\t\t\t\t<div class=\"elementor-element elementor-element-f75cad6 elementor-widget elementor-widget-text-editor\" data-id=\"f75cad6\" data-element_type=\"widget\" data-e-type=\"widget\" data-widget_type=\"text-editor.default\">\n\t\t\t\t<div class=\"elementor-widget-container\">\n\t\t\t\t\t\t\t\t\t<h3 style=\"text-align: left;\"><span style=\"color: #ffffff;\">CRISTALER\u00cdA<\/span><\/h3>\t\t\t\t\t\t\t\t<\/div>\n\t\t\t\t<\/div>\n\t\t\t\t\t<\/div>\n\t\t\t\t<\/div>\n\t\t<div class=\"elementor-element elementor-element-5d1c952 e-flex e-con-boxed e-con e-parent\" data-id=\"5d1c952\" data-element_type=\"container\" data-e-type=\"container\">\n\t\t\t\t\t<div class=\"e-con-inner\">\n\t\t<div class=\"elementor-element elementor-element-baed58f e-con-full e-flex e-con e-child\" data-id=\"baed58f\" data-element_type=\"container\" data-e-type=\"container\">\n\t\t\t\t<div class=\"elementor-element elementor-element-783a5fd elementor-widget elementor-widget-text-editor\" data-id=\"783a5fd\" data-element_type=\"widget\" data-e-type=\"widget\" data-widget_type=\"text-editor.default\">\n\t\t\t\t<div class=\"elementor-widget-container\">\n\t\t\t\t\t\t\t\t\t<p>Para Medici\u00f3n:<\/p><ul><li>Matraces aforados<\/li><li>Pipetas graduadas<\/li><li>Cilindros graduados<\/li><li>Buretas<\/li><\/ul>\t\t\t\t\t\t\t\t<\/div>\n\t\t\t\t<\/div>\n\t\t\t\t<\/div>\n\t\t<div class=\"elementor-element elementor-element-6892351 e-con-full e-flex e-con e-child\" data-id=\"6892351\" data-element_type=\"container\" data-e-type=\"container\">\n\t\t\t\t<div class=\"elementor-element elementor-element-d340679 elementor-widget elementor-widget-image\" data-id=\"d340679\" data-element_type=\"widget\" data-e-type=\"widget\" data-widget_type=\"image.default\">\n\t\t\t\t<div class=\"elementor-widget-container\">\n\t\t\t\t\t\t\t\t\t\t\t\t\t\t\t<img decoding=\"async\" width=\"400\" height=\"350\" src=\"https:\/\/quimicatecnica.com\/wp-content\/uploads\/2024\/01\/cristaleriaD.jpg\" class=\"attachment-full size-full wp-image-148\" alt=\"\" srcset=\"https:\/\/quimicatecnica.com\/wp-content\/uploads\/2024\/01\/cristaleriaD.jpg 400w, https:\/\/quimicatecnica.com\/wp-content\/uploads\/2024\/01\/cristaleriaD-300x263.jpg 300w\" sizes=\"(max-width: 400px) 100vw, 400px\" \/>\t\t\t\t\t\t\t\t\t\t\t\t\t\t\t<\/div>\n\t\t\t\t<\/div>\n\t\t\t\t<\/div>\n\t\t<div class=\"elementor-element elementor-element-881b96b e-con-full e-flex e-con e-child\" data-id=\"881b96b\" data-element_type=\"container\" data-e-type=\"container\">\n\t\t\t\t<div class=\"elementor-element elementor-element-ee825e3 elementor-widget elementor-widget-text-editor\" data-id=\"ee825e3\" data-element_type=\"widget\" data-e-type=\"widget\" data-widget_type=\"text-editor.default\">\n\t\t\t\t<div class=\"elementor-widget-container\">\n\t\t\t\t\t\t\t\t\t<p>Para Mezcla y Agitaci\u00f3n:<\/p><ul><li>Matraces de fondo redondo<\/li><li>Varillas de agitaci\u00f3n<\/li><li>Agitadores magn\u00e9ticos<\/li><\/ul>\t\t\t\t\t\t\t\t<\/div>\n\t\t\t\t<\/div>\n\t\t\t\t<\/div>\n\t\t<div class=\"elementor-element elementor-element-406c8b4 e-con-full e-flex e-con e-child\" data-id=\"406c8b4\" data-element_type=\"container\" data-e-type=\"container\">\n\t\t\t\t<div class=\"elementor-element elementor-element-d8aba2f elementor-widget elementor-widget-image\" data-id=\"d8aba2f\" data-element_type=\"widget\" data-e-type=\"widget\" data-widget_type=\"image.default\">\n\t\t\t\t<div class=\"elementor-widget-container\">\n\t\t\t\t\t\t\t\t\t\t\t\t\t\t\t<img decoding=\"async\" width=\"400\" height=\"350\" src=\"https:\/\/quimicatecnica.com\/wp-content\/uploads\/2024\/01\/cristaleriaC.jpg\" class=\"attachment-full size-full wp-image-147\" alt=\"\" srcset=\"https:\/\/quimicatecnica.com\/wp-content\/uploads\/2024\/01\/cristaleriaC.jpg 400w, https:\/\/quimicatecnica.com\/wp-content\/uploads\/2024\/01\/cristaleriaC-300x263.jpg 300w\" sizes=\"(max-width: 400px) 100vw, 400px\" \/>\t\t\t\t\t\t\t\t\t\t\t\t\t\t\t<\/div>\n\t\t\t\t<\/div>\n\t\t\t\t<\/div>\n\t\t\t\t\t<\/div>\n\t\t\t\t<\/div>\n\t\t<div class=\"elementor-element elementor-element-d77240f e-flex e-con-boxed e-con e-parent\" data-id=\"d77240f\" data-element_type=\"container\" data-e-type=\"container\">\n\t\t\t\t\t<div class=\"e-con-inner\">\n\t\t<div class=\"elementor-element elementor-element-4f22dd9 e-con-full e-flex e-con e-child\" data-id=\"4f22dd9\" data-element_type=\"container\" data-e-type=\"container\">\n\t\t\t\t<div class=\"elementor-element elementor-element-a062727 elementor-widget elementor-widget-text-editor\" data-id=\"a062727\" data-element_type=\"widget\" data-e-type=\"widget\" data-widget_type=\"text-editor.default\">\n\t\t\t\t<div class=\"elementor-widget-container\">\n\t\t\t\t\t\t\t\t\t<p>Para Medici\u00f3n:<\/p><ul><li>Matraces aforados<\/li><li>Pipetas graduadas<\/li><li>Cilindros graduados<\/li><li>Buretas<\/li><\/ul>\t\t\t\t\t\t\t\t<\/div>\n\t\t\t\t<\/div>\n\t\t\t\t<\/div>\n\t\t<div class=\"elementor-element elementor-element-381965a e-con-full e-flex e-con e-child\" data-id=\"381965a\" data-element_type=\"container\" data-e-type=\"container\">\n\t\t\t\t<div class=\"elementor-element elementor-element-eb0912e elementor-widget elementor-widget-image\" data-id=\"eb0912e\" data-element_type=\"widget\" data-e-type=\"widget\" data-widget_type=\"image.default\">\n\t\t\t\t<div class=\"elementor-widget-container\">\n\t\t\t\t\t\t\t\t\t\t\t\t\t\t\t<img loading=\"lazy\" decoding=\"async\" width=\"400\" height=\"350\" src=\"https:\/\/quimicatecnica.com\/wp-content\/uploads\/2024\/01\/cristaleriaA.jpg\" class=\"attachment-full size-full wp-image-145\" alt=\"\" srcset=\"https:\/\/quimicatecnica.com\/wp-content\/uploads\/2024\/01\/cristaleriaA.jpg 400w, https:\/\/quimicatecnica.com\/wp-content\/uploads\/2024\/01\/cristaleriaA-300x263.jpg 300w\" sizes=\"(max-width: 400px) 100vw, 400px\" \/>\t\t\t\t\t\t\t\t\t\t\t\t\t\t\t<\/div>\n\t\t\t\t<\/div>\n\t\t\t\t<\/div>\n\t\t<div class=\"elementor-element elementor-element-b6f1f6c e-con-full e-flex e-con e-child\" data-id=\"b6f1f6c\" data-element_type=\"container\" data-e-type=\"container\">\n\t\t\t\t<div class=\"elementor-element elementor-element-4d93ea2 elementor-widget elementor-widget-text-editor\" data-id=\"4d93ea2\" data-element_type=\"widget\" data-e-type=\"widget\" data-widget_type=\"text-editor.default\">\n\t\t\t\t<div class=\"elementor-widget-container\">\n\t\t\t\t\t\t\t\t\t<p>Para Filtraci\u00f3n:<\/p><ul><li>Embudos de filtraci\u00f3n<\/li><li>Papel de filtro y membranas<\/li><li>Embudos B\u00fcchner<\/li><\/ul>\t\t\t\t\t\t\t\t<\/div>\n\t\t\t\t<\/div>\n\t\t\t\t<\/div>\n\t\t<div class=\"elementor-element elementor-element-a34e86b e-con-full e-flex e-con e-child\" data-id=\"a34e86b\" data-element_type=\"container\" data-e-type=\"container\">\n\t\t\t\t<div class=\"elementor-element elementor-element-2610f99 elementor-widget elementor-widget-image\" data-id=\"2610f99\" data-element_type=\"widget\" data-e-type=\"widget\" data-widget_type=\"image.default\">\n\t\t\t\t<div class=\"elementor-widget-container\">\n\t\t\t\t\t\t\t\t\t\t\t\t\t\t\t<img loading=\"lazy\" decoding=\"async\" width=\"400\" height=\"350\" src=\"https:\/\/quimicatecnica.com\/wp-content\/uploads\/2024\/01\/cristaleriaB.jpg\" class=\"attachment-full size-full wp-image-146\" alt=\"\" srcset=\"https:\/\/quimicatecnica.com\/wp-content\/uploads\/2024\/01\/cristaleriaB.jpg 400w, https:\/\/quimicatecnica.com\/wp-content\/uploads\/2024\/01\/cristaleriaB-300x263.jpg 300w\" sizes=\"(max-width: 400px) 100vw, 400px\" \/>\t\t\t\t\t\t\t\t\t\t\t\t\t\t\t<\/div>\n\t\t\t\t<\/div>\n\t\t\t\t<\/div>\n\t\t\t\t\t<\/div>\n\t\t\t\t<\/div>\n\t\t<div class=\"elementor-element elementor-element-3d28c92 e-flex e-con-boxed e-con e-parent\" data-id=\"3d28c92\" data-element_type=\"container\" data-e-type=\"container\">\n\t\t\t\t\t<div class=\"e-con-inner\">\n\t\t<div class=\"elementor-element elementor-element-ff964af e-con-full e-flex e-con e-child\" data-id=\"ff964af\" data-element_type=\"container\" data-e-type=\"container\">\n\t\t\t\t<div class=\"elementor-element elementor-element-0d942d9 elementor-widget elementor-widget-text-editor\" data-id=\"0d942d9\" data-element_type=\"widget\" data-e-type=\"widget\" data-widget_type=\"text-editor.default\">\n\t\t\t\t<div class=\"elementor-widget-container\">\n\t\t\t\t\t\t\t\t\t<p>Para Calentamiento:<\/p><ul><li>Tubos de ensayo<\/li><li>Tubos de calentamiento<\/li><li>Matraces de fondo plano<\/li><\/ul>\t\t\t\t\t\t\t\t<\/div>\n\t\t\t\t<\/div>\n\t\t\t\t<\/div>\n\t\t<div class=\"elementor-element elementor-element-a56d3aa e-con-full e-flex e-con e-child\" data-id=\"a56d3aa\" data-element_type=\"container\" data-e-type=\"container\">\n\t\t\t\t<div class=\"elementor-element elementor-element-ec8d568 elementor-widget elementor-widget-image\" data-id=\"ec8d568\" data-element_type=\"widget\" data-e-type=\"widget\" data-widget_type=\"image.default\">\n\t\t\t\t<div class=\"elementor-widget-container\">\n\t\t\t\t\t\t\t\t\t\t\t\t\t\t\t<img loading=\"lazy\" decoding=\"async\" width=\"400\" height=\"350\" src=\"https:\/\/quimicatecnica.com\/wp-content\/uploads\/2024\/01\/cristaleriaE.jpg\" class=\"attachment-full size-full wp-image-162\" alt=\"\" srcset=\"https:\/\/quimicatecnica.com\/wp-content\/uploads\/2024\/01\/cristaleriaE.jpg 400w, https:\/\/quimicatecnica.com\/wp-content\/uploads\/2024\/01\/cristaleriaE-300x263.jpg 300w\" sizes=\"(max-width: 400px) 100vw, 400px\" \/>\t\t\t\t\t\t\t\t\t\t\t\t\t\t\t<\/div>\n\t\t\t\t<\/div>\n\t\t\t\t<\/div>\n\t\t<div class=\"elementor-element elementor-element-6380285 e-con-full e-flex e-con e-child\" data-id=\"6380285\" data-element_type=\"container\" data-e-type=\"container\">\n\t\t\t\t<div class=\"elementor-element elementor-element-4bd7598 elementor-widget elementor-widget-text-editor\" data-id=\"4bd7598\" data-element_type=\"widget\" data-e-type=\"widget\" data-widget_type=\"text-editor.default\">\n\t\t\t\t<div class=\"elementor-widget-container\">\n\t\t\t\t\t\t\t\t\t<p>Para Mediciones Espec\u00edficas:<\/p><ul><li>Tubos de Nessler (para an\u00e1lisis de amon\u00edaco)<\/li><li>Tubos para espectrofotometr\u00eda<\/li><\/ul>\t\t\t\t\t\t\t\t<\/div>\n\t\t\t\t<\/div>\n\t\t\t\t<\/div>\n\t\t<div class=\"elementor-element elementor-element-fdb9b7a e-con-full e-flex e-con e-child\" data-id=\"fdb9b7a\" data-element_type=\"container\" data-e-type=\"container\">\n\t\t\t\t<div class=\"elementor-element elementor-element-50493bc elementor-widget elementor-widget-image\" data-id=\"50493bc\" data-element_type=\"widget\" data-e-type=\"widget\" data-widget_type=\"image.default\">\n\t\t\t\t<div class=\"elementor-widget-container\">\n\t\t\t\t\t\t\t\t\t\t\t\t\t\t\t<img loading=\"lazy\" decoding=\"async\" width=\"400\" height=\"350\" src=\"https:\/\/quimicatecnica.com\/wp-content\/uploads\/2024\/01\/cristaleriaF.jpg\" class=\"attachment-full size-full wp-image-163\" alt=\"\" srcset=\"https:\/\/quimicatecnica.com\/wp-content\/uploads\/2024\/01\/cristaleriaF.jpg 400w, https:\/\/quimicatecnica.com\/wp-content\/uploads\/2024\/01\/cristaleriaF-300x263.jpg 300w\" sizes=\"(max-width: 400px) 100vw, 400px\" \/>\t\t\t\t\t\t\t\t\t\t\t\t\t\t\t<\/div>\n\t\t\t\t<\/div>\n\t\t\t\t<\/div>\n\t\t\t\t\t<\/div>\n\t\t\t\t<\/div>\n\t\t<div class=\"elementor-element elementor-element-f986cda e-flex e-con-boxed e-con e-parent\" data-id=\"f986cda\" data-element_type=\"container\" data-e-type=\"container\">\n\t\t\t\t\t<div class=\"e-con-inner\">\n\t\t<div class=\"elementor-element elementor-element-4d7d639 e-con-full e-flex e-con e-child\" data-id=\"4d7d639\" data-element_type=\"container\" data-e-type=\"container\">\n\t\t\t\t<div class=\"elementor-element elementor-element-7221c18 elementor-widget elementor-widget-text-editor\" data-id=\"7221c18\" data-element_type=\"widget\" data-e-type=\"widget\" data-widget_type=\"text-editor.default\">\n\t\t\t\t<div class=\"elementor-widget-container\">\n\t\t\t\t\t\t\t\t\t<p>Para Almacenamiento a Largo Plazo:<\/p><ul><li>Ampollas selladas al vac\u00edo<\/li><li>Tubos de almacenamiento criog\u00e9nico<\/li><\/ul>\t\t\t\t\t\t\t\t<\/div>\n\t\t\t\t<\/div>\n\t\t\t\t<\/div>\n\t\t<div class=\"elementor-element elementor-element-7c84b48 e-con-full e-flex e-con e-child\" data-id=\"7c84b48\" data-element_type=\"container\" data-e-type=\"container\">\n\t\t\t\t<div class=\"elementor-element elementor-element-ef3a09c elementor-widget elementor-widget-image\" data-id=\"ef3a09c\" data-element_type=\"widget\" data-e-type=\"widget\" data-widget_type=\"image.default\">\n\t\t\t\t<div class=\"elementor-widget-container\">\n\t\t\t\t\t\t\t\t\t\t\t\t\t\t\t<img loading=\"lazy\" decoding=\"async\" width=\"400\" height=\"350\" src=\"https:\/\/quimicatecnica.com\/wp-content\/uploads\/2024\/01\/cristaleriaH.jpg\" class=\"attachment-full size-full wp-image-165\" alt=\"\" srcset=\"https:\/\/quimicatecnica.com\/wp-content\/uploads\/2024\/01\/cristaleriaH.jpg 400w, https:\/\/quimicatecnica.com\/wp-content\/uploads\/2024\/01\/cristaleriaH-300x263.jpg 300w\" sizes=\"(max-width: 400px) 100vw, 400px\" \/>\t\t\t\t\t\t\t\t\t\t\t\t\t\t\t<\/div>\n\t\t\t\t<\/div>\n\t\t\t\t<\/div>\n\t\t<div class=\"elementor-element elementor-element-0f9faf3 e-con-full e-flex e-con e-child\" data-id=\"0f9faf3\" data-element_type=\"container\" data-e-type=\"container\">\n\t\t\t\t<div class=\"elementor-element elementor-element-066b69c elementor-widget elementor-widget-text-editor\" data-id=\"066b69c\" data-element_type=\"widget\" data-e-type=\"widget\" data-widget_type=\"text-editor.default\">\n\t\t\t\t<div class=\"elementor-widget-container\">\n\t\t\t\t\t\t\t\t\t<p>Para Manipulaci\u00f3n de Gases:<\/p><ul><li>Tubos de desprendimiento de gases<\/li><li>Gas\u00f3metros de vidrio<\/li><\/ul>\t\t\t\t\t\t\t\t<\/div>\n\t\t\t\t<\/div>\n\t\t\t\t<\/div>\n\t\t<div class=\"elementor-element elementor-element-2977084 e-con-full e-flex e-con e-child\" data-id=\"2977084\" data-element_type=\"container\" data-e-type=\"container\">\n\t\t\t\t<div class=\"elementor-element elementor-element-2490a01 elementor-widget elementor-widget-image\" data-id=\"2490a01\" data-element_type=\"widget\" data-e-type=\"widget\" data-widget_type=\"image.default\">\n\t\t\t\t<div class=\"elementor-widget-container\">\n\t\t\t\t\t\t\t\t\t\t\t\t\t\t\t<img loading=\"lazy\" decoding=\"async\" width=\"400\" height=\"350\" src=\"https:\/\/quimicatecnica.com\/wp-content\/uploads\/2024\/01\/cristaleriaJ.jpg\" class=\"attachment-full size-full wp-image-167\" alt=\"\" srcset=\"https:\/\/quimicatecnica.com\/wp-content\/uploads\/2024\/01\/cristaleriaJ.jpg 400w, https:\/\/quimicatecnica.com\/wp-content\/uploads\/2024\/01\/cristaleriaJ-300x263.jpg 300w\" sizes=\"(max-width: 400px) 100vw, 400px\" \/>\t\t\t\t\t\t\t\t\t\t\t\t\t\t\t<\/div>\n\t\t\t\t<\/div>\n\t\t\t\t<\/div>\n\t\t\t\t\t<\/div>\n\t\t\t\t<\/div>\n\t\t<div class=\"elementor-element elementor-element-273999d e-flex e-con-boxed e-con e-parent\" data-id=\"273999d\" data-element_type=\"container\" data-e-type=\"container\">\n\t\t\t\t\t<div class=\"e-con-inner\">\n\t\t<div class=\"elementor-element elementor-element-9889b6a e-con-full e-flex e-con e-child\" data-id=\"9889b6a\" data-element_type=\"container\" data-e-type=\"container\">\n\t\t\t\t<div class=\"elementor-element elementor-element-fbecb08 elementor-widget elementor-widget-text-editor\" data-id=\"fbecb08\" data-element_type=\"widget\" data-e-type=\"widget\" data-widget_type=\"text-editor.default\">\n\t\t\t\t<div class=\"elementor-widget-container\">\n\t\t\t\t\t\t\t\t\t<p>Para An\u00e1lisis Microbiol\u00f3gico:<\/p><ul><li>Placas de Petri<\/li><li>Tubos para cultivos<\/li><\/ul>\t\t\t\t\t\t\t\t<\/div>\n\t\t\t\t<\/div>\n\t\t\t\t<\/div>\n\t\t<div class=\"elementor-element elementor-element-5d214e7 e-con-full e-flex e-con e-child\" data-id=\"5d214e7\" data-element_type=\"container\" data-e-type=\"container\">\n\t\t\t\t<div class=\"elementor-element elementor-element-ddd59cf elementor-widget elementor-widget-image\" data-id=\"ddd59cf\" data-element_type=\"widget\" data-e-type=\"widget\" data-widget_type=\"image.default\">\n\t\t\t\t<div class=\"elementor-widget-container\">\n\t\t\t\t\t\t\t\t\t\t\t\t\t\t\t<img loading=\"lazy\" decoding=\"async\" width=\"400\" height=\"350\" src=\"https:\/\/quimicatecnica.com\/wp-content\/uploads\/2024\/01\/cristaleriaG.jpg\" class=\"attachment-full size-full wp-image-164\" alt=\"\" srcset=\"https:\/\/quimicatecnica.com\/wp-content\/uploads\/2024\/01\/cristaleriaG.jpg 400w, https:\/\/quimicatecnica.com\/wp-content\/uploads\/2024\/01\/cristaleriaG-300x263.jpg 300w\" sizes=\"(max-width: 400px) 100vw, 400px\" \/>\t\t\t\t\t\t\t\t\t\t\t\t\t\t\t<\/div>\n\t\t\t\t<\/div>\n\t\t\t\t<\/div>\n\t\t<div class=\"elementor-element elementor-element-89bb581 e-con-full e-flex e-con e-child\" data-id=\"89bb581\" data-element_type=\"container\" data-e-type=\"container\">\n\t\t\t\t<div class=\"elementor-element elementor-element-4815423 elementor-widget elementor-widget-text-editor\" data-id=\"4815423\" data-element_type=\"widget\" data-e-type=\"widget\" data-widget_type=\"text-editor.default\">\n\t\t\t\t<div class=\"elementor-widget-container\">\n\t\t\t\t\t\t\t\t\t<p>Para Laboratorio Cl\u00ednico:<\/p><ul><li>Tubos de centrifugaci\u00f3n<\/li><li>Tubos de ensayo con tapa<\/li><\/ul>\t\t\t\t\t\t\t\t<\/div>\n\t\t\t\t<\/div>\n\t\t\t\t<\/div>\n\t\t<div class=\"elementor-element elementor-element-71b90f6 e-con-full e-flex e-con e-child\" data-id=\"71b90f6\" data-element_type=\"container\" data-e-type=\"container\">\n\t\t\t\t<div class=\"elementor-element elementor-element-f6198d9 elementor-widget elementor-widget-image\" data-id=\"f6198d9\" data-element_type=\"widget\" data-e-type=\"widget\" data-widget_type=\"image.default\">\n\t\t\t\t<div class=\"elementor-widget-container\">\n\t\t\t\t\t\t\t\t\t\t\t\t\t\t\t<img loading=\"lazy\" decoding=\"async\" width=\"400\" height=\"350\" src=\"https:\/\/quimicatecnica.com\/wp-content\/uploads\/2024\/01\/cristaleriaB.jpg\" class=\"attachment-full size-full wp-image-146\" alt=\"\" srcset=\"https:\/\/quimicatecnica.com\/wp-content\/uploads\/2024\/01\/cristaleriaB.jpg 400w, https:\/\/quimicatecnica.com\/wp-content\/uploads\/2024\/01\/cristaleriaB-300x263.jpg 300w\" sizes=\"(max-width: 400px) 100vw, 400px\" \/>\t\t\t\t\t\t\t\t\t\t\t\t\t\t\t<\/div>\n\t\t\t\t<\/div>\n\t\t\t\t<\/div>\n\t\t\t\t\t<\/div>\n\t\t\t\t<\/div>\n\t\t<div class=\"elementor-element elementor-element-3896cc2 e-flex e-con-boxed e-con e-parent\" data-id=\"3896cc2\" data-element_type=\"container\" data-e-type=\"container\">\n\t\t\t\t\t<div class=\"e-con-inner\">\n\t\t<div class=\"elementor-element elementor-element-db3f984 e-con-full e-flex e-con e-child\" data-id=\"db3f984\" data-element_type=\"container\" data-e-type=\"container\">\n\t\t\t\t<div class=\"elementor-element elementor-element-7d9eb93 elementor-widget elementor-widget-text-editor\" data-id=\"7d9eb93\" data-element_type=\"widget\" data-e-type=\"widget\" data-widget_type=\"text-editor.default\">\n\t\t\t\t<div class=\"elementor-widget-container\">\n\t\t\t\t\t\t\t\t\t<p>Para Titulaci\u00f3n:<\/p><ul><li>Buretas<\/li><li>Pipetas de titulaci\u00f3n<\/li><\/ul>\t\t\t\t\t\t\t\t<\/div>\n\t\t\t\t<\/div>\n\t\t\t\t<\/div>\n\t\t<div class=\"elementor-element elementor-element-1c5f057 e-con-full e-flex e-con e-child\" data-id=\"1c5f057\" data-element_type=\"container\" data-e-type=\"container\">\n\t\t\t\t<div class=\"elementor-element elementor-element-54826c6 elementor-widget elementor-widget-image\" data-id=\"54826c6\" data-element_type=\"widget\" data-e-type=\"widget\" data-widget_type=\"image.default\">\n\t\t\t\t<div class=\"elementor-widget-container\">\n\t\t\t\t\t\t\t\t\t\t\t\t\t\t\t<img loading=\"lazy\" decoding=\"async\" width=\"400\" height=\"350\" src=\"https:\/\/quimicatecnica.com\/wp-content\/uploads\/2024\/01\/cristaleriaA.jpg\" class=\"attachment-full size-full wp-image-145\" alt=\"\" srcset=\"https:\/\/quimicatecnica.com\/wp-content\/uploads\/2024\/01\/cristaleriaA.jpg 400w, https:\/\/quimicatecnica.com\/wp-content\/uploads\/2024\/01\/cristaleriaA-300x263.jpg 300w\" sizes=\"(max-width: 400px) 100vw, 400px\" \/>\t\t\t\t\t\t\t\t\t\t\t\t\t\t\t<\/div>\n\t\t\t\t<\/div>\n\t\t\t\t<\/div>\n\t\t<div class=\"elementor-element elementor-element-6346ce5 e-con-full e-flex e-con e-child\" data-id=\"6346ce5\" data-element_type=\"container\" data-e-type=\"container\">\n\t\t\t\t<div class=\"elementor-element elementor-element-2d1c323 elementor-widget elementor-widget-text-editor\" data-id=\"2d1c323\" data-element_type=\"widget\" data-e-type=\"widget\" data-widget_type=\"text-editor.default\">\n\t\t\t\t<div class=\"elementor-widget-container\">\n\t\t\t\t\t\t\t\t\t<p>Vidrio para Electroqu\u00edmica:<\/p><ul><li>Celdas electroqu\u00edmicas<\/li><li>Electrodos de vidrio<\/li><\/ul>\t\t\t\t\t\t\t\t<\/div>\n\t\t\t\t<\/div>\n\t\t\t\t<\/div>\n\t\t<div class=\"elementor-element elementor-element-3a6304e e-con-full e-flex e-con e-child\" data-id=\"3a6304e\" data-element_type=\"container\" data-e-type=\"container\">\n\t\t\t\t<div class=\"elementor-element elementor-element-5828529 elementor-widget elementor-widget-image\" data-id=\"5828529\" data-element_type=\"widget\" data-e-type=\"widget\" data-widget_type=\"image.default\">\n\t\t\t\t<div class=\"elementor-widget-container\">\n\t\t\t\t\t\t\t\t\t\t\t\t\t\t\t<img loading=\"lazy\" decoding=\"async\" width=\"400\" height=\"350\" src=\"https:\/\/quimicatecnica.com\/wp-content\/uploads\/2024\/01\/cristaleriaI.jpg\" class=\"attachment-full size-full wp-image-166\" alt=\"\" srcset=\"https:\/\/quimicatecnica.com\/wp-content\/uploads\/2024\/01\/cristaleriaI.jpg 400w, https:\/\/quimicatecnica.com\/wp-content\/uploads\/2024\/01\/cristaleriaI-300x263.jpg 300w\" sizes=\"(max-width: 400px) 100vw, 400px\" \/>\t\t\t\t\t\t\t\t\t\t\t\t\t\t\t<\/div>\n\t\t\t\t<\/div>\n\t\t\t\t<\/div>\n\t\t\t\t\t<\/div>\n\t\t\t\t<\/div>\n\t\t\t\t<\/div>\n\t\t","protected":false},"excerpt":{"rendered":"<p>CRISTALER\u00cdA Para Medici\u00f3n: Matraces aforados Pipetas graduadas Cilindros graduados Buretas Para Mezcla y Agitaci\u00f3n: Matraces de fondo redondo Varillas de agitaci\u00f3n Agitadores magn\u00e9ticos Para Medici\u00f3n: Matraces aforados Pipetas graduadas Cilindros graduados Buretas<a class=\"moretag\" href=\"https:\/\/quimicatecnica.com\/index.php\/cristaleria\/\">Read More&#8230;<\/a><\/p>\n","protected":false},"author":1,"featured_media":0,"parent":0,"menu_order":0,"comment_status":"closed","ping_status":"closed","template":"elementor_header_footer","meta":{"footnotes":""},"class_list":["post-88","page","type-page","status-publish","hentry"],"_links":{"self":[{"href":"https:\/\/quimicatecnica.com\/index.php\/wp-json\/wp\/v2\/pages\/88","targetHints":{"allow":["GET"]}}],"collection":[{"href":"https:\/\/quimicatecnica.com\/index.php\/wp-json\/wp\/v2\/pages"}],"about":[{"href":"https:\/\/quimicatecnica.com\/index.php\/wp-json\/wp\/v2\/types\/page"}],"author":[{"embeddable":true,"href":"https:\/\/quimicatecnica.com\/index.php\/wp-json\/wp\/v2\/users\/1"}],"replies":[{"embeddable":true,"href":"https:\/\/quimicatecnica.com\/index.php\/wp-json\/wp\/v2\/comments?post=88"}],"version-history":[{"count":67,"href":"https:\/\/quimicatecnica.com\/index.php\/wp-json\/wp\/v2\/pages\/88\/revisions"}],"predecessor-version":[{"id":189,"href":"https:\/\/quimicatecnica.com\/index.php\/wp-json\/wp\/v2\/pages\/88\/revisions\/189"}],"wp:attachment":[{"href":"https:\/\/quimicatecnica.com\/index.php\/wp-json\/wp\/v2\/media?parent=88"}],"curies":[{"name":"wp","href":"https:\/\/api.w.org\/{rel}","templated":true}]}}